{"id":78347,"date":"2025-04-28T15:35:20","date_gmt":"2025-04-28T14:35:20","guid":{"rendered":"https:\/\/tkstoredz.com\/product\/nflx-fr\/"},"modified":"2026-05-07T16:46:53","modified_gmt":"2026-05-07T15:46:53","slug":"nflx-fr","status":"publish","type":"product","link":"https:\/\/tkstoredz.com\/fr\/produit\/nflx-fr\/","title":{"rendered":"Netflix"},"content":{"rendered":"<style>\n.tk-nflx-page{direction:ltr;text-align:left;max-width:760px;margin:0 auto;line-height:1.85;font-size:15px;color:#1f2937;font-family:'Segoe UI','Cairo',Tahoma,sans-serif;}\n.tk-nflx-page h2{text-align:center;font-size:22px;font-weight:800;color:#0369a1;margin:30px 0 12px;letter-spacing:-0.3px;}\n.tk-nflx-page h2::before,.tk-nflx-page h2::after{content:\"\";display:inline-block;width:36px;height:2px;background:linear-gradient(90deg,transparent,#0097F4);vertical-align:middle;margin:0 10px;}\n.tk-nflx-page h2::after{background:linear-gradient(270deg,transparent,#0097F4);}\n.tk-nflx-page p{margin:8px 0;}\n.tk-nflx-page p.tk-lead{text-align:center;color:#475569;max-width:620px;margin:0 auto 14px;font-size:14px;}\n.tk-nflx-benefits{display:grid;grid-template-columns:repeat(2,1fr);gap:12px;margin:14px 0 6px;}\n.tk-nflx-benefit{background:#f8fafc;border:1px solid #e2e8f0;border-radius:12px;padding:14px 16px;}\n.tk-nflx-benefit-icon{font-size:24px;line-height:1;margin-bottom:6px;display:block;}\n.tk-nflx-benefit-title{font-size:14px;font-weight:800;color:#0f172a;margin:0 0 4px;}\n.tk-nflx-benefit-text{font-size:12.5px;color:#475569;margin:0;line-height:1.7;}\n.tk-nflx-flow{display:flex;justify-content:space-around;align-items:flex-start;flex-wrap:wrap;gap:10px;margin:14px 0;background:#f0f9ff;border:1px solid #bae6fd;border-radius:12px;padding:18px 14px;}\n.tk-nflx-flow-step{flex:1;min-width:130px;text-align:center;}\n.tk-nflx-flow-icon{font-size:28px;line-height:1;margin-bottom:4px;}\n.tk-nflx-flow-num{display:inline-block;background:#0097F4;color:#fff;width:22px;height:22px;line-height:22px;border-radius:50%;font-size:12px;font-weight:800;margin-bottom:4px;}\n.tk-nflx-flow-label{font-size:13.5px;font-weight:700;color:#0f172a;margin:2px 0;}\n.tk-nflx-flow-desc{font-size:11.5px;color:#64748b;margin:0;line-height:1.6;}\n.tk-nflx-update{background:#fffbeb;border:1px solid #fde68a;border-radius:12px;padding:14px 16px;margin:18px 0;text-align:center;}\n.tk-nflx-update-title{font-weight:800;color:#92400e;margin:0 0 4px;font-size:14px;}\n.tk-nflx-update-text{font-size:13px;color:#78350f;margin:0;line-height:1.75;}\n.tk-nflx-support{background:#ecfdf5;border:1px solid #bbf7d0;border-radius:12px;padding:18px 16px 16px;text-align:center;margin:18px 0;}\n.tk-nflx-support-icon{font-size:28px;line-height:1;margin-bottom:4px;}\n.tk-nflx-support-title{font-weight:800;color:#166534;margin:0 0 4px;font-size:15px;}\n.tk-nflx-support-text{font-size:13px;color:#15803d;margin:0 0 12px;line-height:1.75;}\n.tk-nflx-wa-btn{display:inline-flex;align-items:center;gap:8px;background:#22c55e;color:#fff !important;text-decoration:none !important;font-size:14px;font-weight:800;padding:11px 22px;border-radius:10px;box-shadow:0 2px 8px rgba(34,197,94,0.3);}\n.tk-nflx-wa-btn:hover{transform:translateY(-1px);box-shadow:0 5px 14px rgba(34,197,94,0.4);color:#fff !important;}\n.tk-nflx-faq{margin:14px 0 4px;}\n.tk-nflx-faq-item{background:#fff;border:1px solid #e5e7eb;border-radius:10px;padding:12px 14px;margin:8px 0;}\n.tk-nflx-faq-q{font-weight:800;color:#0f172a;margin:0 0 4px;font-size:14px;}\n.tk-nflx-faq-q::before{content:\"\u2753 \";color:#0097F4;}\n.tk-nflx-faq-a{font-size:13px;color:#475569;margin:0;line-height:1.75;}\n.tk-nflx-faq-a strong{color:#0369a1;}\n.tk-nflx-final-cta{background:linear-gradient(135deg,#00C6FF,#0097F4);border-radius:12px;padding:20px 16px;text-align:center;margin:24px 0 6px;color:#fff;}\n.tk-nflx-final-cta-title{font-weight:800;margin:0 0 4px;font-size:17px;}\n.tk-nflx-final-cta-text{font-size:13px;margin:0;color:rgba(255,255,255,0.92);line-height:1.75;}\n@media (max-width:560px){.tk-nflx-benefits{grid-template-columns:1fr;}}\n<\/style>\n<div class=\"tk-nflx-page\" dir=\"ltr\">\n<h2>Pourquoi choisir notre abonnement ?<\/h2>\n<p class=\"tk-lead\">Une exp\u00e9rience Netflix officielle et s\u00e9curis\u00e9e, avec tout le n\u00e9cessaire pour profiter sereinement, sans tracas.<\/p>\n<div class=\"tk-nflx-benefits\">\n<div class=\"tk-nflx-benefit\"><span class=\"tk-nflx-benefit-icon\">\ud83c\udfac<\/span><\/p>\n<p class=\"tk-nflx-benefit-title\">Compte officiel et fiable<\/p>\n<p class=\"tk-nflx-benefit-text\">Un abonnement Netflix officiel qui fonctionne normalement sur tous les appareils, en qualit\u00e9 maximale.<\/p>\n<\/div>\n<div class=\"tk-nflx-benefit\"><span class=\"tk-nflx-benefit-icon\">\ud83d\udd10<\/span><\/p>\n<p class=\"tk-nflx-benefit-title\">Confidentialit\u00e9 avec PIN<\/p>\n<p class=\"tk-nflx-benefit-text\">Un profil d\u00e9di\u00e9 avec votre propre code PIN pour pr\u00e9server votre confidentialit\u00e9 et vos choix.<\/p>\n<\/div>\n<div class=\"tk-nflx-benefit\"><span class=\"tk-nflx-benefit-icon\">\u26a1<\/span><\/p>\n<p class=\"tk-nflx-benefit-title\">Livraison instantan\u00e9e et automatique<\/p>\n<p class=\"tk-nflx-benefit-text\">Vos identifiants arrivent par e-mail d\u00e8s la confirmation du paiement \u2014 aucune attente manuelle.<\/p>\n<\/div>\n<div class=\"tk-nflx-benefit\"><span class=\"tk-nflx-benefit-icon\">\ud83d\udedf<\/span><\/p>\n<p class=\"tk-nflx-benefit-title\">Support continu pendant toute la dur\u00e9e<\/p>\n<p class=\"tk-nflx-benefit-text\">Notre \u00e9quipe est disponible sur WhatsApp pendant toute la dur\u00e9e de l&rsquo;abonnement si vous avez besoin d&rsquo;aide.<\/p>\n<\/div>\n<\/div>\n<h2>Que se passe-t-il apr\u00e8s le paiement ?<\/h2>\n<p class=\"tk-lead\">Un parcours simple en 3 \u00e9tapes \u2014 tout est pr\u00e9par\u00e9 pour vous, automatiquement.<\/p>\n<div class=\"tk-nflx-flow\">\n<div class=\"tk-nflx-flow-step\">\n<div class=\"tk-nflx-flow-icon\">\ud83d\udce7<\/div>\n<p><span class=\"tk-nflx-flow-num\">1<\/span><\/p>\n<p class=\"tk-nflx-flow-label\">Vous recevez l&rsquo;e-mail imm\u00e9diatement<\/p>\n<p class=\"tk-nflx-flow-desc\">Un message automatique avec vos identifiants de compte et un bouton direct.<\/p>\n<\/div>\n<div class=\"tk-nflx-flow-step\">\n<div class=\"tk-nflx-flow-icon\">\ud83d\udd11<\/div>\n<p><span class=\"tk-nflx-flow-num\">2<\/span><\/p>\n<p class=\"tk-nflx-flow-label\">Vous cliquez sur le bouton<\/p>\n<p class=\"tk-nflx-flow-desc\">Notre page s&rsquo;ouvre pour obtenir le code (ou le lien) de connexion adapt\u00e9 \u00e0 votre appareil.<\/p>\n<\/div>\n<div class=\"tk-nflx-flow-step\">\n<div class=\"tk-nflx-flow-icon\">\ud83c\udfac<\/div>\n<p><span class=\"tk-nflx-flow-num\">3<\/span><\/p>\n<p class=\"tk-nflx-flow-label\">Vous profitez de Netflix<\/p>\n<p class=\"tk-nflx-flow-desc\">Connexion directe sur t\u00e9l\u00e9phone, ordinateur ou TV.<\/p>\n<\/div>\n<\/div>\n<div class=\"tk-nflx-update\">\n<p class=\"tk-nflx-update-title\">\u2139\ufe0f Info rapide sur la nouvelle m\u00e9thode de connexion<\/p>\n<p class=\"tk-nflx-update-text\">Netflix a r\u00e9cemment mis \u00e0 jour la connexion \u2014 nous avons pr\u00e9par\u00e9 tout le processus pour vous : il vous suffit d&rsquo;ouvrir l&rsquo;e-mail re\u00e7u apr\u00e8s paiement et tout est pr\u00eat.<\/p>\n<\/div>\n<div class=\"tk-nflx-support\">\n<div class=\"tk-nflx-support-icon\">\ud83d\udcac<\/div>\n<p class=\"tk-nflx-support-title\">Support rapide sur WhatsApp<\/p>\n<p class=\"tk-nflx-support-text\">Notre \u00e9quipe est disponible pour vous aider \u00e0 chaque \u00e9tape ou question, pendant toute la dur\u00e9e de l&rsquo;abonnement.<\/p>\n<p><a href=\"https:\/\/wa.me\/213796333134\" target=\"_blank\" rel=\"noopener noreferrer\" class=\"tk-nflx-wa-btn\"><span>Nous contacter sur WhatsApp<\/span><\/a>\n<\/div>\n<h2>Questions fr\u00e9quentes<\/h2>\n<div class=\"tk-nflx-faq\">\n<div class=\"tk-nflx-faq-item\">\n<p class=\"tk-nflx-faq-q\">Le compte est-il officiel ?<\/p>\n<p class=\"tk-nflx-faq-a\">Oui \u2014 un abonnement Netflix officiel qui fonctionne normalement sur tous les appareils pris en charge.<\/p>\n<\/div>\n<div class=\"tk-nflx-faq-item\">\n<p class=\"tk-nflx-faq-q\">Combien de temps dure la livraison ?<\/p>\n<p class=\"tk-nflx-faq-a\">La livraison est <strong>instantan\u00e9e et automatique<\/strong> \u2014 vous recevez un e-mail automatique contenant tout d\u00e8s la confirmation du paiement.<\/p>\n<\/div>\n<div class=\"tk-nflx-faq-item\">\n<p class=\"tk-nflx-faq-q\">Puis-je regarder sur plusieurs appareils en m\u00eame temps ?<\/p>\n<p class=\"tk-nflx-faq-a\">Chaque abonnement (un \u00e9cran) prend en charge <strong>un appareil actif \u00e0 la fois<\/strong> \u2014 sur t\u00e9l\u00e9phone, ordinateur ou TV selon votre choix. Si vous souhaitez regarder sur deux appareils ou plus simultan\u00e9ment, il vous suffit d&rsquo;<strong>augmenter la quantit\u00e9<\/strong> en haut de la page pour acheter le nombre d&rsquo;\u00e9crans qui vous convient.<\/p>\n<\/div>\n<div class=\"tk-nflx-faq-item\">\n<p class=\"tk-nflx-faq-q\">Que faire en cas de probl\u00e8me de connexion ?<\/p>\n<p class=\"tk-nflx-faq-a\">Contactez-nous directement sur WhatsApp et nous vous aiderons rapidement. \u00c9vitez de r\u00e9p\u00e9ter les tentatives de connexion pour ne pas risquer une suspension temporaire du compte.<\/p>\n<\/div>\n<div class=\"tk-nflx-faq-item\">\n<p class=\"tk-nflx-faq-q\">Ai-je besoin d&rsquo;une application suppl\u00e9mentaire ?<\/p>\n<p class=\"tk-nflx-faq-a\">Non. Vous utilisez l&rsquo;application Netflix officielle ou simplement votre navigateur \u2014 aucune autre installation n&rsquo;est n\u00e9cessaire.<\/p>\n<\/div>\n<\/div>\n<div class=\"tk-nflx-final-cta\">\n<p class=\"tk-nflx-final-cta-title\">\ud83c\udfac Commencez \u00e0 regarder d\u00e8s aujourd&rsquo;hui<\/p>\n<p class=\"tk-nflx-final-cta-text\">Choisissez la dur\u00e9e de votre abonnement ci-dessus et cliquez sur Acheter \u2014 la livraison est instantan\u00e9e et automatique apr\u00e8s paiement.<\/p>\n<\/div>\n<\/div>\n","protected":false},"excerpt":{"rendered":"<div class=\"tk-nflx-hero\" dir=\"ltr\" style=\"direction:ltr;text-align:center;line-height:1.8;max-width:680px;margin:0 auto;\">\n<p style=\"font-size:18px;font-weight:800;margin:0 0 6px;color:#0f172a;\">Abonnement Netflix officiel avec une connexion moderne et s\u00e9curis\u00e9e<\/p>\n<p style=\"font-size:14px;color:#475569;margin:0 0 14px;line-height:1.85;\">Compte personnel avec votre propre code PIN \u2014 livraison instantan\u00e9e et automatique apr\u00e8s paiement, et support continu pendant toute la dur\u00e9e de l&rsquo;abonnement.<\/p>\n<div style=\"display:flex;gap:6px;flex-wrap:wrap;justify-content:center;font-family:'Segoe UI','Cairo',Tahoma,sans-serif;\">\n<span style=\"background:#ecfdf5;color:#16a34a;border:1px solid #bbf7d0;padding:5px 11px;border-radius:14px;font-size:12px;font-weight:700;\">\u26a1 Livraison instantan\u00e9e<\/span><br \/>\n<span style=\"background:#eff6ff;color:#1d4ed8;border:1px solid #bfdbfe;padding:5px 11px;border-radius:14px;font-size:12px;font-weight:700;\">\ud83d\udd12 Votre PIN personnel<\/span><br \/>\n<span style=\"background:#fffbeb;color:#a16207;border:1px solid #fde68a;padding:5px 11px;border-radius:14px;font-size:12px;font-weight:700;\">\ud83d\udcfa Sur tous vos appareils<\/span><br \/>\n<span style=\"background:#fef2f2;color:#b91c1c;border:1px solid #fecaca;padding:5px 11px;border-radius:14px;font-size:12px;font-weight:700;\">\ud83d\udcac Support WhatsApp<\/span>\n<\/div>\n<\/div>\n","protected":false},"featured_media":57175,"comment_status":"open","ping_status":"closed","template":"","meta":[],"etheme_brands":[],"product_brand":[],"product_cat":[15,50],"product_tag":[],"class_list":{"0":"post-78347","1":"product","2":"type-product","3":"status-publish","4":"has-post-thumbnail","6":"product_cat-all","7":"product_cat-subscriptions","9":"first","10":"instock","11":"taxable","12":"shipping-taxable","13":"purchasable","14":"product-type-variable","15":"has-default-attributes"},"yoast_head":"<!-- This site is optimized with the Yoast SEO plugin v26.2 - https:\/\/yoast.com\/wordpress\/plugins\/seo\/ -->\n<title>Premium Digital Services in Algeria | TK STORE DZ<\/title>\n<meta name=\"description\" content=\"Discover reliable digital services with fast delivery and secure experience in Algeria. TK STORE DZ offers high-quality online solutions for everyday use.\" \/>\n<meta name=\"robots\" content=\"index, follow, max-snippet:-1, max-image-preview:large, max-video-preview:-1\" \/>\n<link rel=\"canonical\" href=\"https:\/\/tkstoredz.com\/fr\/produit\/nflx-fr\/\" \/>\n<meta property=\"og:locale\" content=\"fr_FR\" \/>\n<meta property=\"og:type\" content=\"article\" \/>\n<meta property=\"og:title\" content=\"Premium Digital Services in Algeria | TK STORE DZ\" \/>\n<meta property=\"og:description\" content=\"Discover reliable digital services with fast delivery and secure experience in Algeria. TK STORE DZ offers high-quality online solutions for everyday use.\" \/>\n<meta property=\"og:url\" content=\"https:\/\/tkstoredz.com\/fr\/produit\/nflx-fr\/\" \/>\n<meta property=\"og:site_name\" content=\"TK STORE DZ\" \/>\n<meta property=\"article:modified_time\" content=\"2026-05-07T15:46:53+00:00\" \/>\n<meta property=\"og:image\" content=\"https:\/\/tkstoredz.com\/wp-content\/uploads\/2025\/04\/Netflix-1.webp\" \/>\n\t<meta property=\"og:image:width\" content=\"584\" \/>\n\t<meta property=\"og:image:height\" content=\"800\" \/>\n\t<meta property=\"og:image:type\" content=\"image\/webp\" \/>\n<meta name=\"twitter:card\" content=\"summary_large_image\" \/>\n<meta name=\"twitter:label1\" content=\"Dur\u00e9e de lecture estim\u00e9e\" \/>\n\t<meta name=\"twitter:data1\" content=\"1 minute\" \/>\n<script type=\"application\/ld+json\" class=\"yoast-schema-graph\">{\"@context\":\"https:\/\/schema.org\",\"@graph\":[{\"@type\":\"WebPage\",\"@id\":\"https:\/\/tkstoredz.com\/fr\/produit\/nflx-fr\/\",\"url\":\"https:\/\/tkstoredz.com\/fr\/produit\/nflx-fr\/\",\"name\":\"Premium Digital Services in Algeria | TK STORE DZ\",\"isPartOf\":{\"@id\":\"https:\/\/tkstoredz.com\/fr\/#website\"},\"primaryImageOfPage\":{\"@id\":\"https:\/\/tkstoredz.com\/fr\/produit\/nflx-fr\/#primaryimage\"},\"image\":{\"@id\":\"https:\/\/tkstoredz.com\/fr\/produit\/nflx-fr\/#primaryimage\"},\"thumbnailUrl\":\"https:\/\/tkstoredz.com\/wp-content\/uploads\/2025\/04\/Netflix-1.webp\",\"datePublished\":\"2025-04-28T14:35:20+00:00\",\"dateModified\":\"2026-05-07T15:46:53+00:00\",\"description\":\"Discover reliable digital services with fast delivery and secure experience in Algeria. TK STORE DZ offers high-quality online solutions for everyday use.\",\"breadcrumb\":{\"@id\":\"https:\/\/tkstoredz.com\/fr\/produit\/nflx-fr\/#breadcrumb\"},\"inLanguage\":\"fr-FR\",\"potentialAction\":[{\"@type\":\"ReadAction\",\"target\":[\"https:\/\/tkstoredz.com\/fr\/produit\/nflx-fr\/\"]}]},{\"@type\":\"ImageObject\",\"inLanguage\":\"fr-FR\",\"@id\":\"https:\/\/tkstoredz.com\/fr\/produit\/nflx-fr\/#primaryimage\",\"url\":\"https:\/\/tkstoredz.com\/wp-content\/uploads\/2025\/04\/Netflix-1.webp\",\"contentUrl\":\"https:\/\/tkstoredz.com\/wp-content\/uploads\/2025\/04\/Netflix-1.webp\",\"width\":584,\"height\":800},{\"@type\":\"BreadcrumbList\",\"@id\":\"https:\/\/tkstoredz.com\/fr\/produit\/nflx-fr\/#breadcrumb\",\"itemListElement\":[{\"@type\":\"ListItem\",\"position\":1,\"name\":\"Home\",\"item\":\"https:\/\/tkstoredz.com\/fr\/\"},{\"@type\":\"ListItem\",\"position\":2,\"name\":\"boutique\",\"item\":\"https:\/\/tkstoredz.com\/fr\/boutique\/\"},{\"@type\":\"ListItem\",\"position\":3,\"name\":\"Nflx\"}]},{\"@type\":\"WebSite\",\"@id\":\"https:\/\/tkstoredz.com\/fr\/#website\",\"url\":\"https:\/\/tkstoredz.com\/fr\/\",\"name\":\"TK STORE DZ\",\"description\":\"TK STORE DZ is Algeria&#039;s leading online store for digital subscriptions and gift cards. Get instant access to Netflix, Shahid VIP, Amazon Prime, and IPTV services at the best prices. Secure and fast delivery guaranteed!\",\"publisher\":{\"@id\":\"https:\/\/tkstoredz.com\/fr\/#\/schema\/person\/633867c1e9873ea416185d51b2002c67\"},\"alternateName\":\"TK STORE\",\"potentialAction\":[{\"@type\":\"SearchAction\",\"target\":{\"@type\":\"EntryPoint\",\"urlTemplate\":\"https:\/\/tkstoredz.com\/fr\/?s={search_term_string}\"},\"query-input\":{\"@type\":\"PropertyValueSpecification\",\"valueRequired\":true,\"valueName\":\"search_term_string\"}}],\"inLanguage\":\"fr-FR\"},{\"@type\":[\"Person\",\"Organization\"],\"@id\":\"https:\/\/tkstoredz.com\/fr\/#\/schema\/person\/633867c1e9873ea416185d51b2002c67\",\"name\":\"takicharni\",\"image\":{\"@type\":\"ImageObject\",\"inLanguage\":\"fr-FR\",\"@id\":\"https:\/\/tkstoredz.com\/fr\/#\/schema\/person\/image\/\",\"url\":\"https:\/\/tkstoredz.com\/wp-content\/uploads\/2025\/10\/logo-letter.png\",\"contentUrl\":\"https:\/\/tkstoredz.com\/wp-content\/uploads\/2025\/10\/logo-letter.png\",\"width\":1920,\"height\":581,\"caption\":\"takicharni\"},\"logo\":{\"@id\":\"https:\/\/tkstoredz.com\/fr\/#\/schema\/person\/image\/\"},\"sameAs\":[\"https:\/\/tkstoredz.com\"]}]}<\/script>\n<!-- \/ Yoast SEO plugin. -->","yoast_head_json":{"title":"Premium Digital Services in Algeria | TK STORE DZ","description":"Discover reliable digital services with fast delivery and secure experience in Algeria. TK STORE DZ offers high-quality online solutions for everyday use.","robots":{"index":"index","follow":"follow","max-snippet":"max-snippet:-1","max-image-preview":"max-image-preview:large","max-video-preview":"max-video-preview:-1"},"canonical":"https:\/\/tkstoredz.com\/fr\/produit\/nflx-fr\/","og_locale":"fr_FR","og_type":"article","og_title":"Premium Digital Services in Algeria | TK STORE DZ","og_description":"Discover reliable digital services with fast delivery and secure experience in Algeria. TK STORE DZ offers high-quality online solutions for everyday use.","og_url":"https:\/\/tkstoredz.com\/fr\/produit\/nflx-fr\/","og_site_name":"TK STORE DZ","article_modified_time":"2026-05-07T15:46:53+00:00","og_image":[{"width":584,"height":800,"url":"https:\/\/tkstoredz.com\/wp-content\/uploads\/2025\/04\/Netflix-1.webp","type":"image\/webp"}],"twitter_card":"summary_large_image","twitter_misc":{"Dur\u00e9e de lecture estim\u00e9e":"1 minute"},"schema":{"@context":"https:\/\/schema.org","@graph":[{"@type":"WebPage","@id":"https:\/\/tkstoredz.com\/fr\/produit\/nflx-fr\/","url":"https:\/\/tkstoredz.com\/fr\/produit\/nflx-fr\/","name":"Premium Digital Services in Algeria | TK STORE DZ","isPartOf":{"@id":"https:\/\/tkstoredz.com\/fr\/#website"},"primaryImageOfPage":{"@id":"https:\/\/tkstoredz.com\/fr\/produit\/nflx-fr\/#primaryimage"},"image":{"@id":"https:\/\/tkstoredz.com\/fr\/produit\/nflx-fr\/#primaryimage"},"thumbnailUrl":"https:\/\/tkstoredz.com\/wp-content\/uploads\/2025\/04\/Netflix-1.webp","datePublished":"2025-04-28T14:35:20+00:00","dateModified":"2026-05-07T15:46:53+00:00","description":"Discover reliable digital services with fast delivery and secure experience in Algeria. TK STORE DZ offers high-quality online solutions for everyday use.","breadcrumb":{"@id":"https:\/\/tkstoredz.com\/fr\/produit\/nflx-fr\/#breadcrumb"},"inLanguage":"fr-FR","potentialAction":[{"@type":"ReadAction","target":["https:\/\/tkstoredz.com\/fr\/produit\/nflx-fr\/"]}]},{"@type":"ImageObject","inLanguage":"fr-FR","@id":"https:\/\/tkstoredz.com\/fr\/produit\/nflx-fr\/#primaryimage","url":"https:\/\/tkstoredz.com\/wp-content\/uploads\/2025\/04\/Netflix-1.webp","contentUrl":"https:\/\/tkstoredz.com\/wp-content\/uploads\/2025\/04\/Netflix-1.webp","width":584,"height":800},{"@type":"BreadcrumbList","@id":"https:\/\/tkstoredz.com\/fr\/produit\/nflx-fr\/#breadcrumb","itemListElement":[{"@type":"ListItem","position":1,"name":"Home","item":"https:\/\/tkstoredz.com\/fr\/"},{"@type":"ListItem","position":2,"name":"boutique","item":"https:\/\/tkstoredz.com\/fr\/boutique\/"},{"@type":"ListItem","position":3,"name":"Nflx"}]},{"@type":"WebSite","@id":"https:\/\/tkstoredz.com\/fr\/#website","url":"https:\/\/tkstoredz.com\/fr\/","name":"TK STORE DZ","description":"TK STORE DZ is Algeria&#039;s leading online store for digital subscriptions and gift cards. Get instant access to Netflix, Shahid VIP, Amazon Prime, and IPTV services at the best prices. Secure and fast delivery guaranteed!","publisher":{"@id":"https:\/\/tkstoredz.com\/fr\/#\/schema\/person\/633867c1e9873ea416185d51b2002c67"},"alternateName":"TK STORE","potentialAction":[{"@type":"SearchAction","target":{"@type":"EntryPoint","urlTemplate":"https:\/\/tkstoredz.com\/fr\/?s={search_term_string}"},"query-input":{"@type":"PropertyValueSpecification","valueRequired":true,"valueName":"search_term_string"}}],"inLanguage":"fr-FR"},{"@type":["Person","Organization"],"@id":"https:\/\/tkstoredz.com\/fr\/#\/schema\/person\/633867c1e9873ea416185d51b2002c67","name":"takicharni","image":{"@type":"ImageObject","inLanguage":"fr-FR","@id":"https:\/\/tkstoredz.com\/fr\/#\/schema\/person\/image\/","url":"https:\/\/tkstoredz.com\/wp-content\/uploads\/2025\/10\/logo-letter.png","contentUrl":"https:\/\/tkstoredz.com\/wp-content\/uploads\/2025\/10\/logo-letter.png","width":1920,"height":581,"caption":"takicharni"},"logo":{"@id":"https:\/\/tkstoredz.com\/fr\/#\/schema\/person\/image\/"},"sameAs":["https:\/\/tkstoredz.com"]}]}},"jetpack_sharing_enabled":true,"_links":{"self":[{"href":"https:\/\/tkstoredz.com\/fr\/wp-json\/wp\/v2\/product\/78347","targetHints":{"allow":["GET"]}}],"collection":[{"href":"https:\/\/tkstoredz.com\/fr\/wp-json\/wp\/v2\/product"}],"about":[{"href":"https:\/\/tkstoredz.com\/fr\/wp-json\/wp\/v2\/types\/product"}],"replies":[{"embeddable":true,"href":"https:\/\/tkstoredz.com\/fr\/wp-json\/wp\/v2\/comments?post=78347"}],"version-history":[{"count":1,"href":"https:\/\/tkstoredz.com\/fr\/wp-json\/wp\/v2\/product\/78347\/revisions"}],"predecessor-version":[{"id":78482,"href":"https:\/\/tkstoredz.com\/fr\/wp-json\/wp\/v2\/product\/78347\/revisions\/78482"}],"wp:featuredmedia":[{"embeddable":true,"href":"https:\/\/tkstoredz.com\/fr\/wp-json\/wp\/v2\/media\/57175"}],"wp:attachment":[{"href":"https:\/\/tkstoredz.com\/fr\/wp-json\/wp\/v2\/media?parent=78347"}],"wp:term":[{"taxonomy":"brand","embeddable":true,"href":"https:\/\/tkstoredz.com\/fr\/wp-json\/wp\/v2\/etheme_brands?post=78347"},{"taxonomy":"product_brand","embeddable":true,"href":"https:\/\/tkstoredz.com\/fr\/wp-json\/wp\/v2\/product_brand?post=78347"},{"taxonomy":"product_cat","embeddable":true,"href":"https:\/\/tkstoredz.com\/fr\/wp-json\/wp\/v2\/product_cat?post=78347"},{"taxonomy":"product_tag","embeddable":true,"href":"https:\/\/tkstoredz.com\/fr\/wp-json\/wp\/v2\/product_tag?post=78347"}],"curies":[{"name":"wp","href":"https:\/\/api.w.org\/{rel}","templated":true}]}}